{"id":475,"date":"2021-02-24T06:36:28","date_gmt":"2021-02-24T06:36:28","guid":{"rendered":"http:\/\/ceepuswwih.ung.si\/?page_id=475"},"modified":"2021-02-24T06:41:57","modified_gmt":"2021-02-24T06:41:57","slug":"marija-juric-zagorka","status":"publish","type":"page","link":"https:\/\/ceepuswwih.ung.si\/?page_id=475","title":{"rendered":"Marija Juri\u0107-Zagorka"},"content":{"rendered":"\n<p class=\"has-text-align-center\"><\/p>\n\n\n\n<p class=\"has-text-align-center\"><\/p>\n\n\n\n<p class=\"has-text-align-center\"><img loading=\"lazy\" decoding=\"async\" width=\"150\" height=\"265\" class=\"wp-image-455\" style=\"width: 150px;\" src=\"http:\/\/ceepuswwih.ung.si\/wp-content\/uploads\/2021\/01\/139606930_185226623338178_2281911898536501231_n.jpg\" alt=\"\" srcset=\"https:\/\/ceepuswwih.ung.si\/wp-content\/uploads\/2021\/01\/139606930_185226623338178_2281911898536501231_n.jpg 452w, https:\/\/ceepuswwih.ung.si\/wp-content\/uploads\/2021\/01\/139606930_185226623338178_2281911898536501231_n-170x300.jpg 170w, https:\/\/ceepuswwih.ung.si\/wp-content\/uploads\/2021\/01\/139606930_185226623338178_2281911898536501231_n-14x24.jpg 14w, https:\/\/ceepuswwih.ung.si\/wp-content\/uploads\/2021\/01\/139606930_185226623338178_2281911898536501231_n-20x36.jpg 20w, https:\/\/ceepuswwih.ung.si\/wp-content\/uploads\/2021\/01\/139606930_185226623338178_2281911898536501231_n-27x48.jpg 27w\" sizes=\"auto, (max-width: 150px) 100vw, 150px\" \/><\/p>\n\n\n\n<p class=\"has-text-align-center\">Author: dr. Ma\u0161a Grde\u0161i\u0107, University of Zagreb<\/p>\n\n\n\n<p><strong>Marija Juri\u0107 Zagorka &#8211; one of the most popular Croatian writers of all times<\/strong><\/p>\n\n\n\n<p>Marija Juri\u0107 Zagorka (1873-1957) is one of the most important Croatian public figures in the 20th century. She was a writer, journalist and political activist. In all her endeavours, Zagorka consistently championed Croatian political independence, advocated women&#8217;s and workers\u2019 rights, and promoted social justice.<br>She began her extensive journalistic career in 1896 in \u201cObzor\u201d (The Horizon), a leading Croatian newspaper, where she had to face many hardships: gender discrimination, contempt from colleagues, accusations of immoral behaviour, political persecution, and meagre wages, but through hard work and incredible persistence Zagorka became the first woman journalist in Croatia. In 1903, during the period of people&#8217;s revolt against the Hungarian ban Khuen H\u00e9derv\u00e1ry, Zagorka singlehandedly edited \u201cObzor\u201d for five months while her male colleagues were in jail, and even spent ten days in jail herself. She also organized a women&#8217;s protest against ban Khuen. Zagorka gained international fame as a foreign correspondent reporting from the Croatian-Hungarian Parliament in Budapest in 1906. In 1909, she also reported from Vienna on the so-called Friedjung Process.<br>Zagorka predominantly wrote historical romances but her novels were not moralistic and pious in tone \u2013 they were politically subversive. This is accomplished through the construction of active heroines, who participate not only in the romance plot but in significant historical events as well. Zagorka started writing popular fiction in 1910, when she published the first Croatian crime novel, \u201cKneginja iz Petrinjske ulice\u201d (The Countess of Petrinjska Street). Her first popular historical romance, \u201cTajna Krvavog mosta\u201d (The Secret of Bloody Bridge Street), was published in 1911 and would later become part of her most famous novel in seven volumes, \u201cGri\u010dka vje\u0161tica\u201d (The Witch of Gri\u010d), which deals with the persecution of so-called witches in 18th century Croatia. She is also the author of the first Croatian science fiction novel, \u201cCrveni ocean\u201d (The Red Ocean) published in 1918. Her novel \u201cGordana\u201d, comprising 12 volumes and almost 9000 pages, is the longest novel written in the Croatian language and among the longest in the world. Zagorka remains the most popular and widely read Croatian author.<\/p>\n\n\n\n<p>As an author of popular historical romances, Marija Juri\u0107 Zagorka was often under attack from journalists and literary critics who proclaimed her novels \u201ctrash for peasant women\u201d. In this excerpt from her autobiography \u201cKako je bilo\u201d (How it was, 1953), Zagorka defends her writing through the defense of her wide audience, which has always adored her work. In her writing, Zagorka strived to educate her readers about Croatian history, the fight for national independence, as well as women\u2019s and workers\u2019 rights, always presenting these important political issues in the form of thrilling adventures and exciting love stories.<br>\u201cYes! It is true! I write for the audience, for the people \u2013 because I am a part of them and nothing else. Yes! It is true! I cater to the instincts of a broad audience, because their instincts are also my own. And what instincts are those? Freedom! Justice! A longing for honesty! The desire for goodness and the firm belief that goodness must one day defeat evil! And who is that audience? And who are these broad masses, for whom I have written and for whom I write? They are the ones who have ideals \u2013 they carry flags, they are willing to be locked up for them, shot for them! These are very, very noble people and to serve them, to be allowed and able to write for them, is a very great honor and an amazing grace.\u201d (translated by Ma\u0161a Grde\u0161i\u0107)<\/p>\n\n\n\n<figure class=\"wp-block-image size-large\"><img loading=\"lazy\" decoding=\"async\" width=\"360\" height=\"500\" src=\"http:\/\/ceepuswwih.ung.si\/wp-content\/uploads\/2021\/01\/zagorka-fotografija.jpg\" alt=\"\" class=\"wp-image-467\" srcset=\"https:\/\/ceepuswwih.ung.si\/wp-content\/uploads\/2021\/01\/zagorka-fotografija.jpg 360w, https:\/\/ceepuswwih.ung.si\/wp-content\/uploads\/2021\/01\/zagorka-fotografija-216x300.jpg 216w, https:\/\/ceepuswwih.ung.si\/wp-content\/uploads\/2021\/01\/zagorka-fotografija-17x24.jpg 17w, https:\/\/ceepuswwih.ung.si\/wp-content\/uploads\/2021\/01\/zagorka-fotografija-26x36.jpg 26w, https:\/\/ceepuswwih.ung.si\/wp-content\/uploads\/2021\/01\/zagorka-fotografija-35x48.jpg 35w\" sizes=\"auto, (max-width: 360px) 100vw, 360px\" \/><\/figure>\n\n\n\n<p><strong>Marija Juri\u0107 Zagorka in her own words<\/strong><\/p>\n\n\n\n<p>Besides writing many popular historical novels, Croatian author Marija Juri\u0107 Zagorka was a prolific journalist. She was the founder and editor of two of Croatia&#8217;s earliest women&#8217;s magazines, \u201c\u017denski list\u201d (Woman&#8217;s Paper, 1925-1938) and \u201cHrvatica\u201d (Croatian Woman, 1938-1941). We invite you to read more about \u201c\u017denski list\u201d and find out where Zagorka stood on the \u201cBubikopf\u201d debate in Marina Vujnovi\u0107\u2019s doctoral dissertation \u201cForging the Bubikopf nation: a feminist political-economic analysis of \u017denski list\u201d (2008, University of Iowa, chapter 4):<\/p>\n\n\n\n<p>\u201cThe new hair style was there to represent more than just a fashionable vanity, but (\u2026) it came to represent liberation from gendered oppression; it represented modernity in which even time had become a consumer good; and, finally, it represented, in the feminist political-economic sense, a new woman in the working public sphere who needed the Bubikopf as a powerful symbol to alleviate the real traditional unequal position of women in society. The new hair style wasn\u2019t only a gendered statement. It symbolized the class differentiation between the new working women and the ladies from the higher social class.\u201d<\/p>\n\n\n\n<p>Read more about Marija Juri\u0107 Zagorka in Marina Vujnovi\u0107\u2019s dissertation <a href=\"https:\/\/ir.uiowa.edu\/cgi\/viewcontent.cgi?article=1217&amp;context=etd\">\u201cForging the Bubikopf nation: a feminist political-economic analysis of \u017denski list\u201d<\/a>.<\/p>\n","protected":false},"excerpt":{"rendered":"<p>Author: dr. Ma\u0161a Grde\u0161i\u0107, University of Zagreb Marija Juri\u0107 Zagorka &#8211; one of the most popular Croatian writers of all times Marija Juri\u0107 Zagorka (1873-1957) is one of the most important Croatian public figures in the 20th century. She was a writer, journalist and political activist. In all her endeavours, Zagorka consistently championed Croatian political [&hellip;]<\/p>\n","protected":false},"author":1,"featured_media":0,"parent":351,"menu_order":0,"comment_status":"closed","ping_status":"closed","template":"","meta":{"ngg_post_thumbnail":0,"footnotes":""},"class_list":["post-475","page","type-page","status-publish","hentry"],"_links":{"self":[{"href":"https:\/\/ceepuswwih.ung.si\/index.php?rest_route=\/wp\/v2\/pages\/475","targetHints":{"allow":["GET"]}}],"collection":[{"href":"https:\/\/ceepuswwih.ung.si\/index.php?rest_route=\/wp\/v2\/pages"}],"about":[{"href":"https:\/\/ceepuswwih.ung.si\/index.php?rest_route=\/wp\/v2\/types\/page"}],"author":[{"embeddable":true,"href":"https:\/\/ceepuswwih.ung.si\/index.php?rest_route=\/wp\/v2\/users\/1"}],"replies":[{"embeddable":true,"href":"https:\/\/ceepuswwih.ung.si\/index.php?rest_route=%2Fwp%2Fv2%2Fcomments&post=475"}],"version-history":[{"count":3,"href":"https:\/\/ceepuswwih.ung.si\/index.php?rest_route=\/wp\/v2\/pages\/475\/revisions"}],"predecessor-version":[{"id":481,"href":"https:\/\/ceepuswwih.ung.si\/index.php?rest_route=\/wp\/v2\/pages\/475\/revisions\/481"}],"up":[{"embeddable":true,"href":"https:\/\/ceepuswwih.ung.si\/index.php?rest_route=\/wp\/v2\/pages\/351"}],"wp:attachment":[{"href":"https:\/\/ceepuswwih.ung.si\/index.php?rest_route=%2Fwp%2Fv2%2Fmedia&parent=475"}],"curies":[{"name":"wp","href":"https:\/\/api.w.org\/{rel}","templated":true}]}}