{"id":2,"date":"2020-07-16T07:13:39","date_gmt":"2020-07-16T07:13:39","guid":{"rendered":"http:\/\/ceepuswwih.ung.si\/?page_id=2"},"modified":"2021-01-18T07:47:41","modified_gmt":"2021-01-18T07:47:41","slug":"sample-page","status":"publish","type":"page","link":"https:\/\/ceepuswwih.ung.si\/?page_id=2","title":{"rendered":"Network members"},"content":{"rendered":"\n<p><strong><span class=\"has-inline-color has-accent-color\">The WWIH.CE network currently features 8 members from 7 countries:<\/span><\/strong><\/p>\n\n\n\n<div class=\"wp-block-group\"><div class=\"wp-block-group__inner-container is-layout-flow wp-block-group-is-layout-flow\">\n<p class=\"has-text-align-left\">University of Nova Gorica, School of Humanities, Katja Mihurko Poni\u017e, PhD, Full Professor, Coordinator of the network;<img loading=\"lazy\" decoding=\"async\" width=\"150\" height=\"164\" class=\"wp-image-307\" style=\"width: 150px;\" src=\"http:\/\/ceepuswwih.ung.si\/wp-content\/uploads\/2020\/09\/2020-08-04-07.41.28.jpg\" alt=\"\" srcset=\"https:\/\/ceepuswwih.ung.si\/wp-content\/uploads\/2020\/09\/2020-08-04-07.41.28.jpg 1741w, https:\/\/ceepuswwih.ung.si\/wp-content\/uploads\/2020\/09\/2020-08-04-07.41.28-275x300.jpg 275w, https:\/\/ceepuswwih.ung.si\/wp-content\/uploads\/2020\/09\/2020-08-04-07.41.28-939x1024.jpg 939w, https:\/\/ceepuswwih.ung.si\/wp-content\/uploads\/2020\/09\/2020-08-04-07.41.28-768x838.jpg 768w, https:\/\/ceepuswwih.ung.si\/wp-content\/uploads\/2020\/09\/2020-08-04-07.41.28-1408x1536.jpg 1408w, https:\/\/ceepuswwih.ung.si\/wp-content\/uploads\/2020\/09\/2020-08-04-07.41.28-1200x1309.jpg 1200w, https:\/\/ceepuswwih.ung.si\/wp-content\/uploads\/2020\/09\/2020-08-04-07.41.28-22x24.jpg 22w, https:\/\/ceepuswwih.ung.si\/wp-content\/uploads\/2020\/09\/2020-08-04-07.41.28-33x36.jpg 33w, https:\/\/ceepuswwih.ung.si\/wp-content\/uploads\/2020\/09\/2020-08-04-07.41.28-44x48.jpg 44w\" sizes=\"auto, (max-width: 150px) 100vw, 150px\" \/><\/p>\n<\/div><\/div>\n\n\n\n<p>St. Kliment Ohridski, Sofia University, Faculty of Slavic Studies, Nadezhda Alexandrova, PhD, Associate Professor;<img loading=\"lazy\" decoding=\"async\" width=\"200\" height=\"133\" class=\"wp-image-326\" style=\"width: 200px;\" src=\"http:\/\/ceepuswwih.ung.si\/wp-content\/uploads\/2020\/09\/IMG-87e993828e45e94efb50d7dfd46ade26-V.jpg\" alt=\"\" srcset=\"https:\/\/ceepuswwih.ung.si\/wp-content\/uploads\/2020\/09\/IMG-87e993828e45e94efb50d7dfd46ade26-V.jpg 1600w, https:\/\/ceepuswwih.ung.si\/wp-content\/uploads\/2020\/09\/IMG-87e993828e45e94efb50d7dfd46ade26-V-300x200.jpg 300w, https:\/\/ceepuswwih.ung.si\/wp-content\/uploads\/2020\/09\/IMG-87e993828e45e94efb50d7dfd46ade26-V-1024x682.jpg 1024w, https:\/\/ceepuswwih.ung.si\/wp-content\/uploads\/2020\/09\/IMG-87e993828e45e94efb50d7dfd46ade26-V-768x512.jpg 768w, https:\/\/ceepuswwih.ung.si\/wp-content\/uploads\/2020\/09\/IMG-87e993828e45e94efb50d7dfd46ade26-V-1536x1023.jpg 1536w, https:\/\/ceepuswwih.ung.si\/wp-content\/uploads\/2020\/09\/IMG-87e993828e45e94efb50d7dfd46ade26-V-1200x800.jpg 1200w, https:\/\/ceepuswwih.ung.si\/wp-content\/uploads\/2020\/09\/IMG-87e993828e45e94efb50d7dfd46ade26-V-24x16.jpg 24w, https:\/\/ceepuswwih.ung.si\/wp-content\/uploads\/2020\/09\/IMG-87e993828e45e94efb50d7dfd46ade26-V-36x24.jpg 36w, https:\/\/ceepuswwih.ung.si\/wp-content\/uploads\/2020\/09\/IMG-87e993828e45e94efb50d7dfd46ade26-V-48x32.jpg 48w\" sizes=\"auto, (max-width: 200px) 100vw, 200px\" \/><\/p>\n\n\n\n<p class=\"has-text-align-center\">Charles University, Faculty of Arts, Department of South Slavonic and Balkan Studies, Alenka Dole\u017ealov\u00e1, PhD, Associate Professor;<img loading=\"lazy\" decoding=\"async\" width=\"150\" height=\"225\" class=\"wp-image-315\" style=\"width: 150px;\" src=\"http:\/\/ceepuswwih.ung.si\/wp-content\/uploads\/2020\/09\/ALENKA_JENSTERLE_DOLEZAL_2017_02.jpg\" alt=\"\" srcset=\"https:\/\/ceepuswwih.ung.si\/wp-content\/uploads\/2020\/09\/ALENKA_JENSTERLE_DOLEZAL_2017_02.jpg 682w, https:\/\/ceepuswwih.ung.si\/wp-content\/uploads\/2020\/09\/ALENKA_JENSTERLE_DOLEZAL_2017_02-200x300.jpg 200w, https:\/\/ceepuswwih.ung.si\/wp-content\/uploads\/2020\/09\/ALENKA_JENSTERLE_DOLEZAL_2017_02-16x24.jpg 16w, https:\/\/ceepuswwih.ung.si\/wp-content\/uploads\/2020\/09\/ALENKA_JENSTERLE_DOLEZAL_2017_02-24x36.jpg 24w, https:\/\/ceepuswwih.ung.si\/wp-content\/uploads\/2020\/09\/ALENKA_JENSTERLE_DOLEZAL_2017_02-32x48.jpg 32w\" sizes=\"auto, (max-width: 150px) 100vw, 150px\" \/><\/p>\n\n\n\n<p>University of Zagreb, Faculty of Humanities and Social Sciences, Department of Comparative Literature, Ma\u0161a Grde\u0161i\u0107, PhD, Associate Professor<\/p>\n\n\n\n<p class=\"has-text-align-center\"><img loading=\"lazy\" decoding=\"async\" width=\"203\" height=\"167\" class=\"wp-image-313\" style=\"width: 203px;\" src=\"http:\/\/ceepuswwih.ung.si\/wp-content\/uploads\/2020\/09\/image0.jpeg\" alt=\"\" srcset=\"https:\/\/ceepuswwih.ung.si\/wp-content\/uploads\/2020\/09\/image0.jpeg 1280w, https:\/\/ceepuswwih.ung.si\/wp-content\/uploads\/2020\/09\/image0-300x248.jpeg 300w, https:\/\/ceepuswwih.ung.si\/wp-content\/uploads\/2020\/09\/image0-1024x845.jpeg 1024w, https:\/\/ceepuswwih.ung.si\/wp-content\/uploads\/2020\/09\/image0-768x634.jpeg 768w, https:\/\/ceepuswwih.ung.si\/wp-content\/uploads\/2020\/09\/image0-1200x990.jpeg 1200w, https:\/\/ceepuswwih.ung.si\/wp-content\/uploads\/2020\/09\/image0-24x20.jpeg 24w, https:\/\/ceepuswwih.ung.si\/wp-content\/uploads\/2020\/09\/image0-36x30.jpeg 36w, https:\/\/ceepuswwih.ung.si\/wp-content\/uploads\/2020\/09\/image0-48x40.jpeg 48w\" sizes=\"auto, (max-width: 203px) 100vw, 203px\" \/><\/p>\n\n\n\n<p class=\"has-text-align-center\">\u201eAlexandru Ioan Cuza University of Iasi, Institute for Interdisciplinary Research, Digital Humanities Laboratory (UAIC), Senior Researcher II (Cercetator Stiintific II)\/ Associate Professor, Roxana Patras, PhD;<img loading=\"lazy\" decoding=\"async\" width=\"150\" height=\"188\" class=\"wp-image-314\" style=\"width: 150px;\" src=\"http:\/\/ceepuswwih.ung.si\/wp-content\/uploads\/2020\/09\/women-writers_rox_pic-scaled.jpg\" alt=\"\" srcset=\"https:\/\/ceepuswwih.ung.si\/wp-content\/uploads\/2020\/09\/women-writers_rox_pic-scaled.jpg 2038w, https:\/\/ceepuswwih.ung.si\/wp-content\/uploads\/2020\/09\/women-writers_rox_pic-239x300.jpg 239w, https:\/\/ceepuswwih.ung.si\/wp-content\/uploads\/2020\/09\/women-writers_rox_pic-815x1024.jpg 815w, https:\/\/ceepuswwih.ung.si\/wp-content\/uploads\/2020\/09\/women-writers_rox_pic-768x965.jpg 768w, https:\/\/ceepuswwih.ung.si\/wp-content\/uploads\/2020\/09\/women-writers_rox_pic-1223x1536.jpg 1223w, https:\/\/ceepuswwih.ung.si\/wp-content\/uploads\/2020\/09\/women-writers_rox_pic-1631x2048.jpg 1631w, https:\/\/ceepuswwih.ung.si\/wp-content\/uploads\/2020\/09\/women-writers_rox_pic-1200x1507.jpg 1200w, https:\/\/ceepuswwih.ung.si\/wp-content\/uploads\/2020\/09\/women-writers_rox_pic-1980x2487.jpg 1980w, https:\/\/ceepuswwih.ung.si\/wp-content\/uploads\/2020\/09\/women-writers_rox_pic-19x24.jpg 19w, https:\/\/ceepuswwih.ung.si\/wp-content\/uploads\/2020\/09\/women-writers_rox_pic-29x36.jpg 29w, https:\/\/ceepuswwih.ung.si\/wp-content\/uploads\/2020\/09\/women-writers_rox_pic-38x48.jpg 38w\" sizes=\"auto, (max-width: 150px) 100vw, 150px\" \/><\/p>\n\n\n\n<p>University of Belgrade, Department of Comparative Literature and Literary Theory, Faculty of Philology, Biljana Doj\u010dinovi\u0107, PhD, Full Professor<\/p>\n\n\n\n<div class=\"wp-block-image\"><figure class=\"aligncenter size-large is-resized\"><img loading=\"lazy\" decoding=\"async\" src=\"http:\/\/ceepuswwih.ung.si\/wp-content\/uploads\/2021\/01\/biljana_1-572x1024.jpg\" alt=\"\" class=\"wp-image-450\" width=\"96\" height=\"172\" srcset=\"https:\/\/ceepuswwih.ung.si\/wp-content\/uploads\/2021\/01\/biljana_1-572x1024.jpg 572w, https:\/\/ceepuswwih.ung.si\/wp-content\/uploads\/2021\/01\/biljana_1-168x300.jpg 168w, https:\/\/ceepuswwih.ung.si\/wp-content\/uploads\/2021\/01\/biljana_1-768x1375.jpg 768w, https:\/\/ceepuswwih.ung.si\/wp-content\/uploads\/2021\/01\/biljana_1-858x1536.jpg 858w, https:\/\/ceepuswwih.ung.si\/wp-content\/uploads\/2021\/01\/biljana_1-1144x2048.jpg 1144w, https:\/\/ceepuswwih.ung.si\/wp-content\/uploads\/2021\/01\/biljana_1-1200x2148.jpg 1200w, https:\/\/ceepuswwih.ung.si\/wp-content\/uploads\/2021\/01\/biljana_1-13x24.jpg 13w, https:\/\/ceepuswwih.ung.si\/wp-content\/uploads\/2021\/01\/biljana_1-20x36.jpg 20w, https:\/\/ceepuswwih.ung.si\/wp-content\/uploads\/2021\/01\/biljana_1-27x48.jpg 27w, https:\/\/ceepuswwih.ung.si\/wp-content\/uploads\/2021\/01\/biljana_1-scaled.jpg 1430w\" sizes=\"auto, (max-width: 96px) 100vw, 96px\" \/><\/figure><\/div>\n\n\n\n<p>Adam Mickiewicz University, Faculty of Polish and Classical Studies\/Institute of Slavonic Studies, Poland\/ Pozna\u0144, Magdalena Koch, PhD, Full Professor;<\/p>\n\n\n\n<p class=\"has-text-align-center\"><img loading=\"lazy\" decoding=\"async\" width=\"150\" height=\"199\" class=\"wp-image-323\" style=\"width: 150px;\" src=\"http:\/\/ceepuswwih.ung.si\/wp-content\/uploads\/2020\/09\/IMG_0623.jpg\" alt=\"\" srcset=\"https:\/\/ceepuswwih.ung.si\/wp-content\/uploads\/2020\/09\/IMG_0623.jpg 1773w, https:\/\/ceepuswwih.ung.si\/wp-content\/uploads\/2020\/09\/IMG_0623-226x300.jpg 226w, https:\/\/ceepuswwih.ung.si\/wp-content\/uploads\/2020\/09\/IMG_0623-770x1024.jpg 770w, https:\/\/ceepuswwih.ung.si\/wp-content\/uploads\/2020\/09\/IMG_0623-768x1021.jpg 768w, https:\/\/ceepuswwih.ung.si\/wp-content\/uploads\/2020\/09\/IMG_0623-1155x1536.jpg 1155w, https:\/\/ceepuswwih.ung.si\/wp-content\/uploads\/2020\/09\/IMG_0623-1541x2048.jpg 1541w, https:\/\/ceepuswwih.ung.si\/wp-content\/uploads\/2020\/09\/IMG_0623-1200x1595.jpg 1200w, https:\/\/ceepuswwih.ung.si\/wp-content\/uploads\/2020\/09\/IMG_0623-18x24.jpg 18w, https:\/\/ceepuswwih.ung.si\/wp-content\/uploads\/2020\/09\/IMG_0623-27x36.jpg 27w, https:\/\/ceepuswwih.ung.si\/wp-content\/uploads\/2020\/09\/IMG_0623-36x48.jpg 36w\" sizes=\"auto, (max-width: 150px) 100vw, 150px\" \/><\/p>\n\n\n\n<p><\/p>\n\n\n\n<p>&#8220;Dimitrie Cantemir&#8221; Christian University, Faculty of Foreign Languages and Literatures, Caltural Studies Department, <\/p>\n\n\n\n<p>Carmen Beatrice Dutu, PhD, Associate Professor<\/p>\n\n\n\n<p class=\"has-text-align-center\"><img loading=\"lazy\" decoding=\"async\" width=\"150\" height=\"203\" class=\"wp-image-342\" style=\"width: 150px;\" src=\"http:\/\/ceepuswwih.ung.si\/wp-content\/uploads\/2020\/09\/Dutu_photo.jpg\" alt=\"\" srcset=\"https:\/\/ceepuswwih.ung.si\/wp-content\/uploads\/2020\/09\/Dutu_photo.jpg 635w, https:\/\/ceepuswwih.ung.si\/wp-content\/uploads\/2020\/09\/Dutu_photo-222x300.jpg 222w, https:\/\/ceepuswwih.ung.si\/wp-content\/uploads\/2020\/09\/Dutu_photo-18x24.jpg 18w, https:\/\/ceepuswwih.ung.si\/wp-content\/uploads\/2020\/09\/Dutu_photo-27x36.jpg 27w, https:\/\/ceepuswwih.ung.si\/wp-content\/uploads\/2020\/09\/Dutu_photo-36x48.jpg 36w\" sizes=\"auto, (max-width: 150px) 100vw, 150px\" \/><\/p>\n\n\n\n<p><\/p>\n","protected":false},"excerpt":{"rendered":"<p>The WWIH.CE network currently features 8 members from 7 countries: University of Nova Gorica, School of Humanities, Katja Mihurko Poni\u017e, PhD, Full Professor, Coordinator of the network; St. Kliment Ohridski, Sofia University, Faculty of Slavic Studies, Nadezhda Alexandrova, PhD, Associate Professor; Charles University, Faculty of Arts, Department of South Slavonic and Balkan Studies, Alenka Dole\u017ealov\u00e1, [&hellip;]<\/p>\n","protected":false},"author":1,"featured_media":0,"parent":0,"menu_order":0,"comment_status":"closed","ping_status":"open","template":"","meta":{"ngg_post_thumbnail":0,"footnotes":""},"class_list":["post-2","page","type-page","status-publish","hentry"],"_links":{"self":[{"href":"https:\/\/ceepuswwih.ung.si\/index.php?rest_route=\/wp\/v2\/pages\/2","targetHints":{"allow":["GET"]}}],"collection":[{"href":"https:\/\/ceepuswwih.ung.si\/index.php?rest_route=\/wp\/v2\/pages"}],"about":[{"href":"https:\/\/ceepuswwih.ung.si\/index.php?rest_route=\/wp\/v2\/types\/page"}],"author":[{"embeddable":true,"href":"https:\/\/ceepuswwih.ung.si\/index.php?rest_route=\/wp\/v2\/users\/1"}],"replies":[{"embeddable":true,"href":"https:\/\/ceepuswwih.ung.si\/index.php?rest_route=%2Fwp%2Fv2%2Fcomments&post=2"}],"version-history":[{"count":25,"href":"https:\/\/ceepuswwih.ung.si\/index.php?rest_route=\/wp\/v2\/pages\/2\/revisions"}],"predecessor-version":[{"id":453,"href":"https:\/\/ceepuswwih.ung.si\/index.php?rest_route=\/wp\/v2\/pages\/2\/revisions\/453"}],"wp:attachment":[{"href":"https:\/\/ceepuswwih.ung.si\/index.php?rest_route=%2Fwp%2Fv2%2Fmedia&parent=2"}],"curies":[{"name":"wp","href":"https:\/\/api.w.org\/{rel}","templated":true}]}}