{"id":140,"date":"2020-06-09T15:15:19","date_gmt":"2020-06-09T13:15:19","guid":{"rendered":"https:\/\/ceepuswwih.wordpress.com\/?page_id=140"},"modified":"2021-01-04T08:11:33","modified_gmt":"2021-01-04T08:11:33","slug":"activities-2","status":"publish","type":"page","link":"https:\/\/ceepuswwih.ung.si\/?page_id=140","title":{"rendered":"Activities"},"content":{"rendered":"\n<p><strong>WEBINARS<\/strong><\/p>\n\n\n\n<p><strong>30. 11. 2020 &#8220;Teaching and studying women writers with&nbsp;NEWW Virtual Research Enviroment&#8221;<\/strong><\/p>\n\n\n\n<p><br>In the first webinar of the CEEPUS Network Women Writers in History the digital tool for teaching, researching and studying women writers is presented by dr. Suzan van Dijk, prof. Katja Mihurko Poni\u017e (School of humanities, University of Nova Gorica) and prof. Narvika Bovcon (Faculty of Computer and Information Science, University of Ljubljana. <a href=\"https:\/\/www.youtube.com\/watch?v=KF7eIyBOFdY&amp;feature=youtu.be\">Recording of the webinar<\/a>.<\/p>\n\n\n\n<p><a href=\"http:\/\/sabotin.ung.si\/~kmihurkoponiz\/SvanDijk%20Pres.VRE%20WWRoute%20Nov.%2030%202020.pdf\">Power point presentation by Dr. Suzan van Dijk.<\/a><\/p>\n\n\n\n<p><strong>22.<\/strong> <strong>December 2020<\/strong><br>Prof. Biljana Doj\u010dinovi\u0107, University of Beograd<br><strong>\u201cKnji\u017eenstvo\u201d, a project in women&#8217;s writing and digital humanities<\/strong><br><a href=\"https:\/\/www.youtube.com\/watch?v=3ojPMhBOXbI\">Recording of the webinar.<\/a><\/p>\n\n\n\n<p><strong>22. January<\/strong> <strong>2021<\/strong><br>Assoc. Prof. Carmen Beatrice Dutu: Intimacy in women\u2019s reading and writing at the fringes of Europe<br><\/p>\n\n\n\n<p><strong>February 2021<\/strong><br>Assoc. Prof. Nadezhda Aleksandrova: Women teachers and writers from Central and Eastern Europe coming to Bulgaria in the late 19th c.<br><\/p>\n\n\n\n<p><strong>March<\/strong> <strong>2021<\/strong><br>Assoc. Prof. Ma\u0161a Grde\u0161i\u0107: Popular and &#8220;high&#8221; women&#8217;s literature in early 20th century Croatia<br><\/p>\n\n\n\n<p><strong>April<\/strong> <strong>2021<\/strong><br>Assoc. Prof. Alenka Jensterle Dole\u017eal: Slovene female poets in the beginning of the 20th Century.<br><\/p>\n\n\n\n<p><strong>May<\/strong> <strong>2021<\/strong><br>Prof. Magdalena Jolanta Koch: Serbian Feminist Essay as a Polygraph of Culture<br><\/p>\n\n\n\n<p><strong>June<\/strong> <strong>2021<\/strong><br>Assoc. Prof. Roxana Patras: The Shadow of Her Hands: writing together and coauthorship in modern Europe and Romania<\/p>\n\n\n\n<p><br><br><\/p>\n\n\n\n<p><\/p>\n","protected":false},"excerpt":{"rendered":"<p>WEBINARS 30. 11. 2020 &#8220;Teaching and studying women writers with&nbsp;NEWW Virtual Research Enviroment&#8221; In the first webinar of the CEEPUS Network Women Writers in History the digital tool for teaching, researching and studying women writers is presented by dr. Suzan van Dijk, prof. Katja Mihurko Poni\u017e (School of humanities, University of Nova Gorica) and prof. [&hellip;]<\/p>\n","protected":false},"author":1,"featured_media":0,"parent":0,"menu_order":0,"comment_status":"closed","ping_status":"closed","template":"","meta":{"ngg_post_thumbnail":0,"footnotes":""},"class_list":["post-140","page","type-page","status-publish","hentry"],"_links":{"self":[{"href":"https:\/\/ceepuswwih.ung.si\/index.php?rest_route=\/wp\/v2\/pages\/140","targetHints":{"allow":["GET"]}}],"collection":[{"href":"https:\/\/ceepuswwih.ung.si\/index.php?rest_route=\/wp\/v2\/pages"}],"about":[{"href":"https:\/\/ceepuswwih.ung.si\/index.php?rest_route=\/wp\/v2\/types\/page"}],"author":[{"embeddable":true,"href":"https:\/\/ceepuswwih.ung.si\/index.php?rest_route=\/wp\/v2\/users\/1"}],"replies":[{"embeddable":true,"href":"https:\/\/ceepuswwih.ung.si\/index.php?rest_route=%2Fwp%2Fv2%2Fcomments&post=140"}],"version-history":[{"count":19,"href":"https:\/\/ceepuswwih.ung.si\/index.php?rest_route=\/wp\/v2\/pages\/140\/revisions"}],"predecessor-version":[{"id":483,"href":"https:\/\/ceepuswwih.ung.si\/index.php?rest_route=\/wp\/v2\/pages\/140\/revisions\/483"}],"wp:attachment":[{"href":"https:\/\/ceepuswwih.ung.si\/index.php?rest_route=%2Fwp%2Fv2%2Fmedia&parent=140"}],"curies":[{"name":"wp","href":"https:\/\/api.w.org\/{rel}","templated":true}]}}