{"id":380,"date":"2020-11-23T11:51:58","date_gmt":"2020-11-23T11:51:58","guid":{"rendered":"http:\/\/ceepuswwih.ung.si\/?page_id=380"},"modified":"2021-01-29T14:37:50","modified_gmt":"2021-01-29T14:37:50","slug":"woman-writer-of-the-month-archive","status":"publish","type":"page","link":"http:\/\/ceepuswwih.ung.si\/?page_id=380","title":{"rendered":"Jelena J. Dimitrijevi\u0107"},"content":{"rendered":"\n<p class=\"has-text-align-center\"><strong>WOMAN WRITER OF OCTOBER<\/strong><\/p>\n\n\n\n<p class=\"has-text-align-center\"><strong>JELENA J. DIMITRIJEVI\u0106 (1862\u20131945)<\/strong><\/p>\n\n\n\n<p class=\"has-text-align-center\">Goran Petrovi\u0107<\/p>\n\n\n\n<p class=\"has-text-align-center\">doctoral student at the University of Beograd and member of the project&nbsp;<a href=\"http:\/\/www.knjizenstvo.rs\/\">Knji\u017eenstvo<\/a><\/p>\n\n\n\n<figure class=\"wp-block-image\"><img loading=\"lazy\" decoding=\"async\" width=\"216\" height=\"234\" src=\"http:\/\/ceepuswwih.ung.si\/wp-content\/uploads\/2020\/10\/download.jpeg\" alt=\"\" class=\"wp-image-355\" srcset=\"http:\/\/ceepuswwih.ung.si\/wp-content\/uploads\/2020\/10\/download.jpeg 216w, http:\/\/ceepuswwih.ung.si\/wp-content\/uploads\/2020\/10\/download-22x24.jpeg 22w, http:\/\/ceepuswwih.ung.si\/wp-content\/uploads\/2020\/10\/download-33x36.jpeg 33w, http:\/\/ceepuswwih.ung.si\/wp-content\/uploads\/2020\/10\/download-44x48.jpeg 44w\" sizes=\"auto, (max-width: 216px) 100vw, 216px\" \/><\/figure>\n\n\n\n<p><\/p>\n\n\n\n<p><strong>One of the most renowned 20<sup>th<\/sup>-century Serbian women writers<\/strong><\/p>\n\n\n\n<p>Jelena J. Dimitrijevi\u0107 (1862\u20131945) is one of the most renowned 20<sup>th<\/sup>-century Serbian women writers, the first Serbian globe-trotter, and a fervent supporter of feminism. She was a prolific author of poetry and prose (fictional and non-fictional). In her writings, which were strongly influenced by her journeys, Dimitrijevi\u0107 described and explored the cultures she encountered, and therefore left a very variegated oeuvre as touching upon different regions of both the Western (Europe and North America) and the Eastern world (Egypt, Lebanon, Palestine, Syria, India, China, and Japan). The prose works of Jelena J. Dimitrijevi\u0107, as the better part of her overall opus, are imbued with open-mindedness, humaneness, and fair treatment of all human beings, regardless of race, gender or social status. It is precisely in her devotion to these values that the main significance of her body of work resides because it is through the propagation of such beliefs that she established her authentic philosophical voice, which was in opposition to the conservatism of the Serbian milieu in which she lived and worked. As a pioneer of Western values in Serbia, she helped her native society modernize and open its views.<\/p>\n\n\n\n<p><strong>Jelena J. Dimitrijevi\u0107&#8217; in her own words: \u201cThe American Woman\u201d (1912)<\/strong><\/p>\n\n\n\n<p>Finally, having returned, awfully tired of walking and emotions, I did not go where I had left her, but to my room. Through the open windows I saw the noon sky, totally white, where, clearly outlined from the houses, were small red chimneys \u201cthat looked like freshly extracted bloody teeth\u201d, in the words of Heine, and from the old magnificent churches and palaces, black cupolas that looked like the shadows of giants; and the small northern sun poured its cold golden dust on my bed sheets. I tumbled down on this golden layer, but not with her in my thoughts as before our kisses. Inside of me awoke a different, higher man\u2026 But when I smelled the bed sheets and saw that they smelled of a physical man, a passion appeared inside of me, a desire, a thought, an original thought that overwhelmed the whole of me: that someone kissed her. Someone other than myself. And that the man had brought into his love all his passion, all his purity\u2026<\/p>\n\n\n\n<p>Full book is available at the&nbsp;<a href=\"http:\/\/womenwriters-test.etf.rs\/uploads\/attachment\/work\/2019\/Jelena_J_Dimitrijevic_-_The_American_Woman_-_e-book_final.pdf\">Knji\u017eenstvo website<\/a>.<\/p>\n\n\n\n<p><strong>Find out more about Jelena J. Dimitrijevi\u0107<\/strong><br>Goran Petrovi\u0107: \u201cJelena J. Dimitrijevi\u0107 and Katherine Flagg: Free-Thinking Women from Different Worlds\u201d<br>This scholarly article looks into two pieces of Jelena J. Dimitrijevi\u0107\u2019s prose literature, \u201cThe American Woman\u201d (1912) and \u201cOn the Weekend at Mrs. Flagg\u2019s\u201d (1934), which deal with this Serbian woman author\u2019s early 20th-century friendship with Katherine Flagg, an American feminist from Brockton, Massachusetts. The article focuses on the philosophical ideas that make the core of these two prose works, and argues that the two writings advocate the Western libertarian ideas that were part of Jelena J. Dimitrijevi\u0107\u2019s personal credo. These ideas are manifested through the libertarian ideology of the American woman (i.e. Katherine Flagg) as a fellow intellectual woman that Dimitrijevi\u0107 loved and admired not only in spiritual but also in physical terms, and are as follows: free (lesbian) love, gender equality (i.e. feminism), republicanism (i.e. democracy), and the spirit of industriousness or entrepreneurship. The article presents Katherine Flagg as the epitome of early 20th-century American ideology as a product of three hundred years of evolution, and argues that, through admiring the American woman, Dimitrijevi\u0107 actually admires American libertarianism, which she favors over the conservatism of early 20th-century Serbia. The text also stresses the great literary skills of Dimitrijevi\u0107\u2019s as particularly exhibited in these two pieces of hers.<br>Full article is available at the\u00a0<a href=\"http:\/\/womenwriters-test.etf.rs\/uploads\/attachment\/work\/2019\/Jelena_J_Dimitrijevic_-The_American_Woman-_e-book_final.pdf\">Knji\u017eenstvo website<\/a>.<\/p>\n\n\n\n<ul class=\"wp-block-list\"><li><\/li><\/ul>\n","protected":false},"excerpt":{"rendered":"<p>WOMAN WRITER OF OCTOBER JELENA J. DIMITRIJEVI\u0106 (1862\u20131945) Goran Petrovi\u0107 doctoral student at the University of Beograd and member of the project&nbsp;Knji\u017eenstvo One of the most renowned 20th-century Serbian women writers Jelena J. Dimitrijevi\u0107 (1862\u20131945) is one of the most renowned 20th-century Serbian women writers, the first Serbian globe-trotter, and a fervent supporter of feminism. [&hellip;]<\/p>\n","protected":false},"author":1,"featured_media":0,"parent":351,"menu_order":1,"comment_status":"closed","ping_status":"closed","template":"","meta":{"ngg_post_thumbnail":0,"footnotes":""},"class_list":["post-380","page","type-page","status-publish","hentry"],"_links":{"self":[{"href":"http:\/\/ceepuswwih.ung.si\/index.php?rest_route=\/wp\/v2\/pages\/380","targetHints":{"allow":["GET"]}}],"collection":[{"href":"http:\/\/ceepuswwih.ung.si\/index.php?rest_route=\/wp\/v2\/pages"}],"about":[{"href":"http:\/\/ceepuswwih.ung.si\/index.php?rest_route=\/wp\/v2\/types\/page"}],"author":[{"embeddable":true,"href":"http:\/\/ceepuswwih.ung.si\/index.php?rest_route=\/wp\/v2\/users\/1"}],"replies":[{"embeddable":true,"href":"http:\/\/ceepuswwih.ung.si\/index.php?rest_route=%2Fwp%2Fv2%2Fcomments&post=380"}],"version-history":[{"count":6,"href":"http:\/\/ceepuswwih.ung.si\/index.php?rest_route=\/wp\/v2\/pages\/380\/revisions"}],"predecessor-version":[{"id":461,"href":"http:\/\/ceepuswwih.ung.si\/index.php?rest_route=\/wp\/v2\/pages\/380\/revisions\/461"}],"up":[{"embeddable":true,"href":"http:\/\/ceepuswwih.ung.si\/index.php?rest_route=\/wp\/v2\/pages\/351"}],"wp:attachment":[{"href":"http:\/\/ceepuswwih.ung.si\/index.php?rest_route=%2Fwp%2Fv2%2Fmedia&parent=380"}],"curies":[{"name":"wp","href":"https:\/\/api.w.org\/{rel}","templated":true}]}}